{"id":1617,"date":"2021-02-10T15:55:05","date_gmt":"2021-02-10T15:55:05","guid":{"rendered":"https:\/\/bossaot.com\/por-que-bot\/"},"modified":"2021-10-04T15:42:28","modified_gmt":"2021-10-04T15:42:28","slug":"por-que-bot","status":"publish","type":"page","link":"https:\/\/bossaot.com\/pt-br\/por-que-bot\/","title":{"rendered":"Por que BOT?"},"content":{"rendered":"\t\t<div data-elementor-type=\"wp-page\" data-elementor-id=\"1617\" class=\"elementor elementor-1617 elementor-100\">\n\t\t\t\t\t\t<section class=\"elementor-section elementor-top-section elementor-element elementor-element-77c99c9 elementor-section-boxed elementor-section-height-default elementor-section-height-default\" data-id=\"77c99c9\" data-element_type=\"section\" data-e-type=\"section\">\n\t\t\t\t\t\t<div class=\"elementor-container elementor-column-gap-default\">\n\t\t\t\t\t<div class=\"elementor-column elementor-col-100 elementor-top-column elementor-element elementor-element-39c7b932\" data-id=\"39c7b932\" data-element_type=\"column\" data-e-type=\"column\">\n\t\t\t<div class=\"elementor-widget-wrap elementor-element-populated\">\n\t\t\t\t\t\t<div class=\"elementor-element elementor-element-588cd1be elementor-widget elementor-widget-text-editor\" data-id=\"588cd1be\" data-element_type=\"widget\" data-e-type=\"widget\" data-widget_type=\"text-editor.default\">\n\t\t\t\t<div class=\"elementor-widget-container\">\n\t\t\t\t\t\t\t\t\t<p>BOT \u2013 Bossa Online Training oferece aos agentes de viagem e operadores de turismo a oportunidade de aprender mais sobre destinos e produtos tur\u00edsticos, oferecendo cursos online para que possam aumentar seus conhecimentos e se tornarem especialistas em sua \u00e1rea.<\/p><p>Ap\u00f3s se registrar na BOT \u2013 Bossa Online Training voc\u00ea ter\u00e1 acesso instant\u00e2neo a todos os treinamentos online. Nosso sistema permite o interc\u00e2mbio f\u00e1cil entre um programa de treinamento e outro, garantindo que voc\u00ea esteja totalmente atualizado com todas as ferramentas mais recentes.<\/p><p>A BOT \u2013 Bossa Online Training tamb\u00e9m permite que voc\u00ea receba incentivos para a conclus\u00e3o bem-sucedida de alguns cursos e o mant\u00e9m atualizado sobre seu progresso durante toda a experi\u00eancia de treinamento.<\/p><p>Depois de se cadastrar na BOT \u2013 Bossa Online Training voc\u00ea receber\u00e1 informa\u00e7\u00f5es sempre que houver novos cursos, eventos de destinos, fam trips, competi\u00e7\u00f5es, incentivos entre outras novidades.<\/p>\t\t\t\t\t\t\t\t<\/div>\n\t\t\t\t<\/div>\n\t\t\t\t<div class=\"elementor-element elementor-element-8e12b63 elementor-widget-divider--view-line elementor-widget elementor-widget-divider\" data-id=\"8e12b63\" data-element_type=\"widget\" data-e-type=\"widget\" data-widget_type=\"divider.default\">\n\t\t\t\t<div class=\"elementor-widget-container\">\n\t\t\t\t\t\t\t<div class=\"elementor-divider\">\n\t\t\t<span class=\"elementor-divider-separator\">\n\t\t\t\t\t\t<\/span>\n\t\t<\/div>\n\t\t\t\t\t\t<\/div>\n\t\t\t\t<\/div>\n\t\t\t\t<div class=\"elementor-element elementor-element-cb6f199 elementor-widget elementor-widget-text-editor\" data-id=\"cb6f199\" data-element_type=\"widget\" data-e-type=\"widget\" data-widget_type=\"text-editor.default\">\n\t\t\t\t<div class=\"elementor-widget-container\">\n\t\t\t\t\t\t\t\t\t<p><b>GR\u00c1TIS <\/b><br>Todos os nossos cursos de treinamento online s\u00e3o gratuitos.<\/p>\n<p><b>Interativo<br><\/b>Vamos mant\u00ea-lo totalmente atualizado com todas as op\u00e7\u00f5es de treinamento mais recentes.<\/p>\n<p><b>Conveni\u00eancia<br><\/b>Acesso aos cursos a qualquer hora que desejar e sem limite de tempo para a conclus\u00e3o dos programas.<\/p>\n<p><b>Chance de ganhar pr\u00eamios e lugares em Fam Trips<br><\/b>Competi\u00e7\u00f5es emocionantes! Ganhe uma vaga em Fam Trips ou qualquer um dos outros pr\u00eamios oferecidos pelos programas de treinamento individual.<\/p>\n<p><b>Certificado dispon\u00edvel para download para obter seu status de especialista<br><\/b>Cada programa de treinamento tem exames reconhecidos por aquele determinado produto ou destino \/ viagem. Assim que o treinamento for conclu\u00eddo com \u00eaxito, voc\u00ea pode acessar um certificado para download e impress\u00e3o com o status de especialista<\/p>\t\t\t\t\t\t\t\t<\/div>\n\t\t\t\t<\/div>\n\t\t\t\t<div class=\"elementor-element elementor-element-7089d86 elementor-button-info elementor-align-center elementor-widget elementor-widget-button\" data-id=\"7089d86\" data-element_type=\"widget\" data-e-type=\"widget\" data-widget_type=\"button.default\">\n\t\t\t\t<div class=\"elementor-widget-container\">\n\t\t\t\t\t\t\t\t\t<div class=\"elementor-button-wrapper\">\n\t\t\t\t\t<a class=\"elementor-button elementor-button-link elementor-size-sm\" href=\"https:\/\/bossaot.com\/pt-br\/cadastrar-se\/\">\n\t\t\t\t\t\t<span class=\"elementor-button-content-wrapper\">\n\t\t\t\t\t\t\t\t\t<span class=\"elementor-button-text\">Cadastrar Agora<\/span>\n\t\t\t\t\t<\/span>\n\t\t\t\t\t<\/a>\n\t\t\t\t<\/div>\n\t\t\t\t\t\t\t\t<\/div>\n\t\t\t\t<\/div>\n\t\t\t\t\t<\/div>\n\t\t<\/div>\n\t\t\t\t\t<\/div>\n\t\t<\/section>\n\t\t\t\t<\/div>\n\t\t","protected":false},"excerpt":{"rendered":"<p>BOT \u2013 Bossa Online Training oferece aos agentes de viagem e operadores de turismo a oportunidade de aprender mais sobre destinos e produtos tur\u00edsticos, oferecendo cursos online para que possam aumentar seus conhecimentos e se tornarem especialistas em sua \u00e1rea. Ap\u00f3s se registrar na BOT \u2013 Bossa Online Training voc\u00ea ter\u00e1 acesso instant\u00e2neo a todos [&hellip;]<\/p>\n","protected":false},"author":1,"featured_media":3118,"parent":0,"menu_order":0,"comment_status":"closed","ping_status":"closed","template":"","meta":{"_joinchat":[],"footnotes":""},"class_list":["post-1617","page","type-page","status-publish","has-post-thumbnail","hentry"],"yoast_head":"<!-- This site is optimized with the Yoast SEO plugin v27.3 - https:\/\/yoast.com\/product\/yoast-seo-wordpress\/ -->\n<title>Sobre N\u00f3s | Bossa Online Training - Seja um Especialista em Viagens!<\/title>\n<meta name=\"description\" content=\"BOT \u2013 Bossa Online Training \u00e9 uma empresa internacional especialista em treinamentos online para agentes de viagem e operadores de turismo...\" \/>\n<meta name=\"robots\" content=\"index, follow, max-snippet:-1, max-image-preview:large, max-video-preview:-1\" \/>\n<link rel=\"canonical\" href=\"https:\/\/bossaot.com\/pt-br\/por-que-bot\/\" \/>\n<meta property=\"og:locale\" content=\"pt_BR\" \/>\n<meta property=\"og:type\" content=\"article\" \/>\n<meta property=\"og:title\" content=\"Sobre N\u00f3s | Bossa Online Training - Seja um Especialista em Viagens!\" \/>\n<meta property=\"og:description\" content=\"BOT \u2013 Bossa Online Training \u00e9 uma empresa internacional especialista em treinamentos online para agentes de viagem e operadores de turismo...\" \/>\n<meta property=\"og:url\" content=\"https:\/\/bossaot.com\/pt-br\/por-que-bot\/\" \/>\n<meta property=\"og:site_name\" content=\"Bossa Online Training\" \/>\n<meta property=\"article:publisher\" content=\"https:\/\/www.facebook.com\/BossaOTUK\" \/>\n<meta property=\"article:modified_time\" content=\"2021-10-04T15:42:28+00:00\" \/>\n<meta property=\"og:image\" content=\"https:\/\/bossaot.com\/wp-content\/uploads\/2021\/04\/BOT-banner-mobile-pt-20212303-2.png\" \/>\n\t<meta property=\"og:image:width\" content=\"1366\" \/>\n\t<meta property=\"og:image:height\" content=\"469\" \/>\n\t<meta property=\"og:image:type\" content=\"image\/png\" \/>\n<meta name=\"twitter:card\" content=\"summary_large_image\" \/>\n<meta name=\"twitter:label1\" content=\"Est. tempo de leitura\" \/>\n\t<meta name=\"twitter:data1\" content=\"2 minutos\" \/>\n<script type=\"application\/ld+json\" class=\"yoast-schema-graph\">{\"@context\":\"https:\\\/\\\/schema.org\",\"@graph\":[{\"@type\":\"WebPage\",\"@id\":\"https:\\\/\\\/bossaot.com\\\/pt-br\\\/por-que-bot\\\/\",\"url\":\"https:\\\/\\\/bossaot.com\\\/pt-br\\\/por-que-bot\\\/\",\"name\":\"Sobre N\u00f3s | Bossa Online Training - Seja um Especialista em Viagens!\",\"isPartOf\":{\"@id\":\"https:\\\/\\\/bossaot.com\\\/pt-br\\\/#website\"},\"primaryImageOfPage\":{\"@id\":\"https:\\\/\\\/bossaot.com\\\/pt-br\\\/por-que-bot\\\/#primaryimage\"},\"image\":{\"@id\":\"https:\\\/\\\/bossaot.com\\\/pt-br\\\/por-que-bot\\\/#primaryimage\"},\"thumbnailUrl\":\"https:\\\/\\\/bossaot.com\\\/wp-content\\\/uploads\\\/2021\\\/04\\\/BOT-banner-mobile-pt-20212303-2.png\",\"datePublished\":\"2021-02-10T15:55:05+00:00\",\"dateModified\":\"2021-10-04T15:42:28+00:00\",\"description\":\"BOT \u2013 Bossa Online Training \u00e9 uma empresa internacional especialista em treinamentos online para agentes de viagem e operadores de turismo...\",\"breadcrumb\":{\"@id\":\"https:\\\/\\\/bossaot.com\\\/pt-br\\\/por-que-bot\\\/#breadcrumb\"},\"inLanguage\":\"pt-BR\",\"potentialAction\":[{\"@type\":\"ReadAction\",\"target\":[\"https:\\\/\\\/bossaot.com\\\/pt-br\\\/por-que-bot\\\/\"]}]},{\"@type\":\"ImageObject\",\"inLanguage\":\"pt-BR\",\"@id\":\"https:\\\/\\\/bossaot.com\\\/pt-br\\\/por-que-bot\\\/#primaryimage\",\"url\":\"https:\\\/\\\/bossaot.com\\\/wp-content\\\/uploads\\\/2021\\\/04\\\/BOT-banner-mobile-pt-20212303-2.png\",\"contentUrl\":\"https:\\\/\\\/bossaot.com\\\/wp-content\\\/uploads\\\/2021\\\/04\\\/BOT-banner-mobile-pt-20212303-2.png\",\"width\":1366,\"height\":469},{\"@type\":\"BreadcrumbList\",\"@id\":\"https:\\\/\\\/bossaot.com\\\/pt-br\\\/por-que-bot\\\/#breadcrumb\",\"itemListElement\":[{\"@type\":\"ListItem\",\"position\":1,\"name\":\"Home\",\"item\":\"https:\\\/\\\/bossaot.com\\\/pt-br\\\/\"},{\"@type\":\"ListItem\",\"position\":2,\"name\":\"Por que BOT?\"}]},{\"@type\":\"WebSite\",\"@id\":\"https:\\\/\\\/bossaot.com\\\/pt-br\\\/#website\",\"url\":\"https:\\\/\\\/bossaot.com\\\/pt-br\\\/\",\"name\":\"Bossa Online Training\",\"description\":\"\",\"publisher\":{\"@id\":\"https:\\\/\\\/bossaot.com\\\/pt-br\\\/#organization\"},\"potentialAction\":[{\"@type\":\"SearchAction\",\"target\":{\"@type\":\"EntryPoint\",\"urlTemplate\":\"https:\\\/\\\/bossaot.com\\\/pt-br\\\/?s={search_term_string}\"},\"query-input\":{\"@type\":\"PropertyValueSpecification\",\"valueRequired\":true,\"valueName\":\"search_term_string\"}}],\"inLanguage\":\"pt-BR\"},{\"@type\":\"Organization\",\"@id\":\"https:\\\/\\\/bossaot.com\\\/pt-br\\\/#organization\",\"name\":\"Bossa Online Training\",\"url\":\"https:\\\/\\\/bossaot.com\\\/pt-br\\\/\",\"logo\":{\"@type\":\"ImageObject\",\"inLanguage\":\"pt-BR\",\"@id\":\"https:\\\/\\\/bossaot.com\\\/pt-br\\\/#\\\/schema\\\/logo\\\/image\\\/\",\"url\":\"https:\\\/\\\/bossaot.com\\\/wp-content\\\/uploads\\\/2020\\\/09\\\/BOT_Logo-4.png\",\"contentUrl\":\"https:\\\/\\\/bossaot.com\\\/wp-content\\\/uploads\\\/2020\\\/09\\\/BOT_Logo-4.png\",\"width\":1360,\"height\":856,\"caption\":\"Bossa Online Training\"},\"image\":{\"@id\":\"https:\\\/\\\/bossaot.com\\\/pt-br\\\/#\\\/schema\\\/logo\\\/image\\\/\"},\"sameAs\":[\"https:\\\/\\\/www.facebook.com\\\/BossaOTUK\",\"https:\\\/\\\/www.instagram.com\\\/bossaotuk\"]}]}<\/script>\n<!-- \/ Yoast SEO plugin. -->","yoast_head_json":{"title":"Sobre N\u00f3s | Bossa Online Training - Seja um Especialista em Viagens!","description":"BOT \u2013 Bossa Online Training \u00e9 uma empresa internacional especialista em treinamentos online para agentes de viagem e operadores de turismo...","robots":{"index":"index","follow":"follow","max-snippet":"max-snippet:-1","max-image-preview":"max-image-preview:large","max-video-preview":"max-video-preview:-1"},"canonical":"https:\/\/bossaot.com\/pt-br\/por-que-bot\/","og_locale":"pt_BR","og_type":"article","og_title":"Sobre N\u00f3s | Bossa Online Training - Seja um Especialista em Viagens!","og_description":"BOT \u2013 Bossa Online Training \u00e9 uma empresa internacional especialista em treinamentos online para agentes de viagem e operadores de turismo...","og_url":"https:\/\/bossaot.com\/pt-br\/por-que-bot\/","og_site_name":"Bossa Online Training","article_publisher":"https:\/\/www.facebook.com\/BossaOTUK","article_modified_time":"2021-10-04T15:42:28+00:00","og_image":[{"width":1366,"height":469,"url":"https:\/\/bossaot.com\/wp-content\/uploads\/2021\/04\/BOT-banner-mobile-pt-20212303-2.png","type":"image\/png"}],"twitter_card":"summary_large_image","twitter_misc":{"Est. tempo de leitura":"2 minutos"},"schema":{"@context":"https:\/\/schema.org","@graph":[{"@type":"WebPage","@id":"https:\/\/bossaot.com\/pt-br\/por-que-bot\/","url":"https:\/\/bossaot.com\/pt-br\/por-que-bot\/","name":"Sobre N\u00f3s | Bossa Online Training - Seja um Especialista em Viagens!","isPartOf":{"@id":"https:\/\/bossaot.com\/pt-br\/#website"},"primaryImageOfPage":{"@id":"https:\/\/bossaot.com\/pt-br\/por-que-bot\/#primaryimage"},"image":{"@id":"https:\/\/bossaot.com\/pt-br\/por-que-bot\/#primaryimage"},"thumbnailUrl":"https:\/\/bossaot.com\/wp-content\/uploads\/2021\/04\/BOT-banner-mobile-pt-20212303-2.png","datePublished":"2021-02-10T15:55:05+00:00","dateModified":"2021-10-04T15:42:28+00:00","description":"BOT \u2013 Bossa Online Training \u00e9 uma empresa internacional especialista em treinamentos online para agentes de viagem e operadores de turismo...","breadcrumb":{"@id":"https:\/\/bossaot.com\/pt-br\/por-que-bot\/#breadcrumb"},"inLanguage":"pt-BR","potentialAction":[{"@type":"ReadAction","target":["https:\/\/bossaot.com\/pt-br\/por-que-bot\/"]}]},{"@type":"ImageObject","inLanguage":"pt-BR","@id":"https:\/\/bossaot.com\/pt-br\/por-que-bot\/#primaryimage","url":"https:\/\/bossaot.com\/wp-content\/uploads\/2021\/04\/BOT-banner-mobile-pt-20212303-2.png","contentUrl":"https:\/\/bossaot.com\/wp-content\/uploads\/2021\/04\/BOT-banner-mobile-pt-20212303-2.png","width":1366,"height":469},{"@type":"BreadcrumbList","@id":"https:\/\/bossaot.com\/pt-br\/por-que-bot\/#breadcrumb","itemListElement":[{"@type":"ListItem","position":1,"name":"Home","item":"https:\/\/bossaot.com\/pt-br\/"},{"@type":"ListItem","position":2,"name":"Por que BOT?"}]},{"@type":"WebSite","@id":"https:\/\/bossaot.com\/pt-br\/#website","url":"https:\/\/bossaot.com\/pt-br\/","name":"Bossa Online Training","description":"","publisher":{"@id":"https:\/\/bossaot.com\/pt-br\/#organization"},"potentialAction":[{"@type":"SearchAction","target":{"@type":"EntryPoint","urlTemplate":"https:\/\/bossaot.com\/pt-br\/?s={search_term_string}"},"query-input":{"@type":"PropertyValueSpecification","valueRequired":true,"valueName":"search_term_string"}}],"inLanguage":"pt-BR"},{"@type":"Organization","@id":"https:\/\/bossaot.com\/pt-br\/#organization","name":"Bossa Online Training","url":"https:\/\/bossaot.com\/pt-br\/","logo":{"@type":"ImageObject","inLanguage":"pt-BR","@id":"https:\/\/bossaot.com\/pt-br\/#\/schema\/logo\/image\/","url":"https:\/\/bossaot.com\/wp-content\/uploads\/2020\/09\/BOT_Logo-4.png","contentUrl":"https:\/\/bossaot.com\/wp-content\/uploads\/2020\/09\/BOT_Logo-4.png","width":1360,"height":856,"caption":"Bossa Online Training"},"image":{"@id":"https:\/\/bossaot.com\/pt-br\/#\/schema\/logo\/image\/"},"sameAs":["https:\/\/www.facebook.com\/BossaOTUK","https:\/\/www.instagram.com\/bossaotuk"]}]}},"_links":{"self":[{"href":"https:\/\/bossaot.com\/pt-br\/wp-json\/wp\/v2\/pages\/1617","targetHints":{"allow":["GET"]}}],"collection":[{"href":"https:\/\/bossaot.com\/pt-br\/wp-json\/wp\/v2\/pages"}],"about":[{"href":"https:\/\/bossaot.com\/pt-br\/wp-json\/wp\/v2\/types\/page"}],"author":[{"embeddable":true,"href":"https:\/\/bossaot.com\/pt-br\/wp-json\/wp\/v2\/users\/1"}],"replies":[{"embeddable":true,"href":"https:\/\/bossaot.com\/pt-br\/wp-json\/wp\/v2\/comments?post=1617"}],"version-history":[{"count":1,"href":"https:\/\/bossaot.com\/pt-br\/wp-json\/wp\/v2\/pages\/1617\/revisions"}],"predecessor-version":[{"id":3641,"href":"https:\/\/bossaot.com\/pt-br\/wp-json\/wp\/v2\/pages\/1617\/revisions\/3641"}],"wp:featuredmedia":[{"embeddable":true,"href":"https:\/\/bossaot.com\/pt-br\/wp-json\/wp\/v2\/media\/3118"}],"wp:attachment":[{"href":"https:\/\/bossaot.com\/pt-br\/wp-json\/wp\/v2\/media?parent=1617"}],"curies":[{"name":"wp","href":"https:\/\/api.w.org\/{rel}","templated":true}]}}