{"id":1806,"date":"2021-02-11T18:04:29","date_gmt":"2021-02-11T18:04:29","guid":{"rendered":"https:\/\/bossaot.com\/?page_id=1806"},"modified":"2021-02-16T19:03:49","modified_gmt":"2021-02-16T19:03:49","slug":"condizioni-generali-duso","status":"publish","type":"page","link":"https:\/\/bossaot.com\/it\/condizioni-generali-duso\/","title":{"rendered":"Condizioni Generali D&#8217;uso"},"content":{"rendered":"<p><strong>I- NOTE LEGALI<\/strong><\/p>\n<p>Il sito www.bossaot.com \u00e8 di titolarit\u00e0 ed \u00e8 gestito da Bossa Limited, registrata nel Regno Unito con il numero 3410846 \u2013 VAT No. GB 928 6929 67.<\/p>\n<p><strong>II- CONDIZIONI GENERALI D&#8217;USO<\/strong><\/p>\n<ol>\n<li><strong> Introduzione<\/strong><\/li>\n<\/ol>\n<p>Lo scopo del Sito internet www.bossaot.com (di seguito, \u00abBOT Bossa Online Training \/ BossaOT\u00bb) \u00e8 quello di offrire programmi di formazione gratuiti per soggetti appartenenti al settore turistico.<\/p>\n<p>L&#8217;accesso e l&#8217;uso del Sito Internet da parte di qualsiasi utente, indipendentemente dagli scopi della sua visita, siano essi di sola consultazione o di utilizzo dei servizi forniti, sono disciplinati dalle presenti Condizioni Generali d&#8217;Uso.<\/p>\n<p>Accedendo e utilizzando il Sito, l&#8217;Utente accetta di essere vincolato dalle presenti Condizioni Generali d&#8217;Uso. Nel caso in cui non intenda accettarle, l&#8217;Utente non dovr\u00e0 utilizzare il Sito. BossaOT si riserva il diritto di sospendere o interrompere l&#8217;accesso di un Utente al Sito in qualsiasi momento, senza preavviso, nel caso in cui (a) abbia ragionevolmente modo di credere che le presenti Condizioni Generali d&#8217;Uso siano violate o (b) reputi necessario agire in tal senso per motivi di sicurezza.<\/p>\n<ol start=\"2\">\n<li><strong> Dati personali<\/strong><\/li>\n<\/ol>\n<p>Per le informazioni riguardanti il trattamento dei dati personali degli utenti da parte di Bossa Online Training in occasione di visita e interazione con il Sito si prega di consultare la Privacy Policy del Sito.<\/p>\n<ol start=\"3\">\n<li><strong> Propriet\u00e0 intellettuale<\/strong><\/li>\n<\/ol>\n<p><strong>3.1. Sito Internet<\/strong><\/p>\n<p>L&#8217;Utente prende atto e accetta che il Sito Internet contiene informazioni riservate e proprietarie protette dalle leggi in materia di propriet\u00e0 intellettuale. Tutti i diritti di propriet\u00e0 intellettuale sul Sito, ivi inclusi a titolo meramente esemplificativo software o codice HTML, banche dati, newsletter, testi, disegni, fotografie, immagini, design, materiale video e\/o audio e qualsiasi altro materiale contenuto nel Sito (di seguito il \u00abContenuto\u00bb), sono di esclusiva propriet\u00e0 di BOT. Tutto il Contenuto \u00e8 messo a disposizione dell&#8217;Utente, esclusivamente per uso personale e non commerciale. L&#8217;Utente non potr\u00e0: copiare, riprodurre, pubblicare, trasmettere, distribuire, eseguire, visualizzare, comunicare, modificare, creare opere derivate, effettuare attivit\u00e0 di reverse engineering, vendere, licenziare o in altro modo sfruttare il Sito Internet o qualunque parte del suo Contenuto, incluso, a titolo meramente esemplificativo, includere o creare un collegamento con il Sito o qualunque parte del Contenuto.<\/p>\n<p><strong>3.2. Marchi\u00a0<\/strong><\/p>\n<p>L&#8217;Utente prende atto e accetta che BOT \u00e8 l\u2019esclusivo titolare del marchio e dei loghi BOT, nonch\u00e9 di qualsiasi altro marchio e\/o logo che appaia sul Sito Internet (i \u00abMarchi\u00bb). Qualsiasi uso dei Marchi da parte dell&#8217;Utente \u00e8 strettamente vietato e costituisce una violazione dei diritti di propriet\u00e0 intellettuale di BossaOT, e dei suoi partner.<\/p>\n<p><strong>3.3. Collegamenti ipertestuali<\/strong><\/p>\n<p>Il Sito potr\u00e0 di volta in volta contenere collegamenti ipertestuali verso altri siti, pagine web o contenuti di terzi. BOT non controlla tali siti, pagine web e contenuti di terzi e pertanto non potr\u00e0 essere ritenuto responsabile per l&#8217;esattezza, correttezza, sicurezza o affidabilit\u00e0 di qualsivoglia sito, pagina web o contenuto di terzi, n\u00e9 potr\u00e0 in alcun modo essere responsabile per il contenuto, la pubblicit\u00e0, i prodotti, i servizi o qualsiasi altra informazione o dato presente sul o derivante da tali siti o pagine web di terzi. BossaOT non potr\u00e0, inoltre, essere ritenuta responsabile per eventuali danni o perdite subite dall&#8217;Utente conseguenti al suo accesso, utilizzo o affidamento su tali siti, pagine web o contenuti di terzi.<\/p>\n<ol start=\"4\">\n<li><strong> Account<\/strong><\/li>\n<\/ol>\n<p>L&#8217;Utente potr\u00e0 decidere di registrare le sue informazioni attraverso il Sito Internet e creare un account personale (\u00abAccount\u00bb). In mancanza di un Account, l&#8217;Utente potr\u00e0 accedere o utilizzare alcuni soltanto dei servizi od opzioni offerti sul Sito Internet. Per creare un Account \u00e8 necessario fornire un indirizzo e-mail valido e creare una password per accedere all&#8217;Account. La responsabilit\u00e0 per il mantenimento della riservatezza delle informazioni di accesso e il controllo dell&#8217;accesso al proprio Account personale sono esclusivamente e interamente a carico dell&#8217;Utente. L&#8217;Utente sar\u00e0 il solo e unico responsabile per tutte le attivit\u00e0 svolte tramite il proprio Account (incluso, a titolo meramente esemplificativo, qualunque acquisto di prodotti effettuato tramite il proprio Account), fatto salvo il caso in cui l&#8217;Utente segnali tempestivamente a BossaOT l&#8217;uso non autorizzato del proprio Account da parte di un soggetto terzo. BossaOT si riserva il diritto di interrompere e chiudere l&#8217;Account di un Utente, in qualunque momento e senza preavviso nel caso in cui (a) ritenga, a propria esclusiva discrezione, che l&#8217;Utente stia utilizzando il proprio Account in violazione delle presenti Condizioni Generali d&#8217;Uso, (b) abbia ragione di credere che un terzo soggetto stia utilizzando l&#8217;Account di un altro Utente senza il consenso di quest&#8217;ultimo, o (c) per ragioni di sicurezza o per motivi di manutenzione del Sito.<\/p>\n<ol start=\"5\">\n<li><strong> Disclaimer<\/strong><\/li>\n<\/ol>\n<p>BOT si impegna ad adottare tutte le misure opportune per assicurare che le informazioni presenti sul sito siano aggiornate nel momento in cui vengono inserite nel sito. Tuttavia, BOT non pu\u00f2 garantire che le informazioni siano in ogni caso precise e declina ogni responsabilit\u00e0 per perdite o danni riconducibili alle informazioni presenti su questo sito.<\/p>\n<p>Tutte le informazioni sono suscettibili di modifica da parte di BOT senza preavviso.<\/p>\n","protected":false},"excerpt":{"rendered":"<p>I- NOTE LEGALI Il sito www.bossaot.com \u00e8 di titolarit\u00e0 ed \u00e8 gestito da Bossa Limited, registrata nel Regno Unito con il numero 3410846 \u2013 VAT No. GB 928 6929 67. II- CONDIZIONI GENERALI D&#8217;USO Introduzione Lo scopo del Sito internet www.bossaot.com (di seguito, \u00abBOT Bossa Online Training \/ BossaOT\u00bb) \u00e8 quello di offrire programmi di [&hellip;]<\/p>\n","protected":false},"author":1,"featured_media":0,"parent":0,"menu_order":0,"comment_status":"closed","ping_status":"closed","template":"","meta":{"_joinchat":[],"footnotes":""},"class_list":["post-1806","page","type-page","status-publish","hentry"],"yoast_head":"<!-- This site is optimized with the Yoast SEO plugin v27.3 - https:\/\/yoast.com\/product\/yoast-seo-wordpress\/ -->\n<title>Condizioni Generali D&#039;uso - Bossa Online Training<\/title>\n<meta name=\"robots\" content=\"index, follow, max-snippet:-1, max-image-preview:large, max-video-preview:-1\" \/>\n<link rel=\"canonical\" href=\"https:\/\/bossaot.com\/it\/condizioni-generali-duso\/\" \/>\n<meta property=\"og:locale\" content=\"it_IT\" \/>\n<meta property=\"og:type\" content=\"article\" \/>\n<meta property=\"og:title\" content=\"Condizioni Generali D&#039;uso - Bossa Online Training\" \/>\n<meta property=\"og:description\" content=\"I- NOTE LEGALI Il sito www.bossaot.com \u00e8 di titolarit\u00e0 ed \u00e8 gestito da Bossa Limited, registrata nel Regno Unito con il numero 3410846 \u2013 VAT No. GB 928 6929 67. II- CONDIZIONI GENERALI D&#8217;USO Introduzione Lo scopo del Sito internet www.bossaot.com (di seguito, \u00abBOT Bossa Online Training \/ BossaOT\u00bb) \u00e8 quello di offrire programmi di [&hellip;]\" \/>\n<meta property=\"og:url\" content=\"https:\/\/bossaot.com\/it\/condizioni-generali-duso\/\" \/>\n<meta property=\"og:site_name\" content=\"Bossa Online Training\" \/>\n<meta property=\"article:publisher\" content=\"https:\/\/www.facebook.com\/BossaOTUK\" \/>\n<meta property=\"article:modified_time\" content=\"2021-02-16T19:03:49+00:00\" \/>\n<meta name=\"twitter:card\" content=\"summary_large_image\" \/>\n<meta name=\"twitter:label1\" content=\"Tempo di lettura stimato\" \/>\n\t<meta name=\"twitter:data1\" content=\"4 minuti\" \/>\n<script type=\"application\/ld+json\" class=\"yoast-schema-graph\">{\"@context\":\"https:\\\/\\\/schema.org\",\"@graph\":[{\"@type\":\"WebPage\",\"@id\":\"https:\\\/\\\/bossaot.com\\\/it\\\/condizioni-generali-duso\\\/\",\"url\":\"https:\\\/\\\/bossaot.com\\\/it\\\/condizioni-generali-duso\\\/\",\"name\":\"Condizioni Generali D'uso - Bossa Online Training\",\"isPartOf\":{\"@id\":\"https:\\\/\\\/bossaot.com\\\/it\\\/#website\"},\"datePublished\":\"2021-02-11T18:04:29+00:00\",\"dateModified\":\"2021-02-16T19:03:49+00:00\",\"breadcrumb\":{\"@id\":\"https:\\\/\\\/bossaot.com\\\/it\\\/condizioni-generali-duso\\\/#breadcrumb\"},\"inLanguage\":\"it-IT\",\"potentialAction\":[{\"@type\":\"ReadAction\",\"target\":[\"https:\\\/\\\/bossaot.com\\\/it\\\/condizioni-generali-duso\\\/\"]}]},{\"@type\":\"BreadcrumbList\",\"@id\":\"https:\\\/\\\/bossaot.com\\\/it\\\/condizioni-generali-duso\\\/#breadcrumb\",\"itemListElement\":[{\"@type\":\"ListItem\",\"position\":1,\"name\":\"Home\",\"item\":\"https:\\\/\\\/bossaot.com\\\/it\\\/\"},{\"@type\":\"ListItem\",\"position\":2,\"name\":\"Condizioni Generali D&#8217;uso\"}]},{\"@type\":\"WebSite\",\"@id\":\"https:\\\/\\\/bossaot.com\\\/it\\\/#website\",\"url\":\"https:\\\/\\\/bossaot.com\\\/it\\\/\",\"name\":\"Bossa Online Training\",\"description\":\"\",\"publisher\":{\"@id\":\"https:\\\/\\\/bossaot.com\\\/it\\\/#organization\"},\"potentialAction\":[{\"@type\":\"SearchAction\",\"target\":{\"@type\":\"EntryPoint\",\"urlTemplate\":\"https:\\\/\\\/bossaot.com\\\/it\\\/?s={search_term_string}\"},\"query-input\":{\"@type\":\"PropertyValueSpecification\",\"valueRequired\":true,\"valueName\":\"search_term_string\"}}],\"inLanguage\":\"it-IT\"},{\"@type\":\"Organization\",\"@id\":\"https:\\\/\\\/bossaot.com\\\/it\\\/#organization\",\"name\":\"Bossa Online Training\",\"url\":\"https:\\\/\\\/bossaot.com\\\/it\\\/\",\"logo\":{\"@type\":\"ImageObject\",\"inLanguage\":\"it-IT\",\"@id\":\"https:\\\/\\\/bossaot.com\\\/it\\\/#\\\/schema\\\/logo\\\/image\\\/\",\"url\":\"https:\\\/\\\/bossaot.com\\\/wp-content\\\/uploads\\\/2020\\\/09\\\/BOT_Logo-4.png\",\"contentUrl\":\"https:\\\/\\\/bossaot.com\\\/wp-content\\\/uploads\\\/2020\\\/09\\\/BOT_Logo-4.png\",\"width\":1360,\"height\":856,\"caption\":\"Bossa Online Training\"},\"image\":{\"@id\":\"https:\\\/\\\/bossaot.com\\\/it\\\/#\\\/schema\\\/logo\\\/image\\\/\"},\"sameAs\":[\"https:\\\/\\\/www.facebook.com\\\/BossaOTUK\",\"https:\\\/\\\/www.instagram.com\\\/bossaotuk\"]}]}<\/script>\n<!-- \/ Yoast SEO plugin. -->","yoast_head_json":{"title":"Condizioni Generali D'uso - Bossa Online Training","robots":{"index":"index","follow":"follow","max-snippet":"max-snippet:-1","max-image-preview":"max-image-preview:large","max-video-preview":"max-video-preview:-1"},"canonical":"https:\/\/bossaot.com\/it\/condizioni-generali-duso\/","og_locale":"it_IT","og_type":"article","og_title":"Condizioni Generali D'uso - Bossa Online Training","og_description":"I- NOTE LEGALI Il sito www.bossaot.com \u00e8 di titolarit\u00e0 ed \u00e8 gestito da Bossa Limited, registrata nel Regno Unito con il numero 3410846 \u2013 VAT No. GB 928 6929 67. II- CONDIZIONI GENERALI D&#8217;USO Introduzione Lo scopo del Sito internet www.bossaot.com (di seguito, \u00abBOT Bossa Online Training \/ BossaOT\u00bb) \u00e8 quello di offrire programmi di [&hellip;]","og_url":"https:\/\/bossaot.com\/it\/condizioni-generali-duso\/","og_site_name":"Bossa Online Training","article_publisher":"https:\/\/www.facebook.com\/BossaOTUK","article_modified_time":"2021-02-16T19:03:49+00:00","twitter_card":"summary_large_image","twitter_misc":{"Tempo di lettura stimato":"4 minuti"},"schema":{"@context":"https:\/\/schema.org","@graph":[{"@type":"WebPage","@id":"https:\/\/bossaot.com\/it\/condizioni-generali-duso\/","url":"https:\/\/bossaot.com\/it\/condizioni-generali-duso\/","name":"Condizioni Generali D'uso - Bossa Online Training","isPartOf":{"@id":"https:\/\/bossaot.com\/it\/#website"},"datePublished":"2021-02-11T18:04:29+00:00","dateModified":"2021-02-16T19:03:49+00:00","breadcrumb":{"@id":"https:\/\/bossaot.com\/it\/condizioni-generali-duso\/#breadcrumb"},"inLanguage":"it-IT","potentialAction":[{"@type":"ReadAction","target":["https:\/\/bossaot.com\/it\/condizioni-generali-duso\/"]}]},{"@type":"BreadcrumbList","@id":"https:\/\/bossaot.com\/it\/condizioni-generali-duso\/#breadcrumb","itemListElement":[{"@type":"ListItem","position":1,"name":"Home","item":"https:\/\/bossaot.com\/it\/"},{"@type":"ListItem","position":2,"name":"Condizioni Generali D&#8217;uso"}]},{"@type":"WebSite","@id":"https:\/\/bossaot.com\/it\/#website","url":"https:\/\/bossaot.com\/it\/","name":"Bossa Online Training","description":"","publisher":{"@id":"https:\/\/bossaot.com\/it\/#organization"},"potentialAction":[{"@type":"SearchAction","target":{"@type":"EntryPoint","urlTemplate":"https:\/\/bossaot.com\/it\/?s={search_term_string}"},"query-input":{"@type":"PropertyValueSpecification","valueRequired":true,"valueName":"search_term_string"}}],"inLanguage":"it-IT"},{"@type":"Organization","@id":"https:\/\/bossaot.com\/it\/#organization","name":"Bossa Online Training","url":"https:\/\/bossaot.com\/it\/","logo":{"@type":"ImageObject","inLanguage":"it-IT","@id":"https:\/\/bossaot.com\/it\/#\/schema\/logo\/image\/","url":"https:\/\/bossaot.com\/wp-content\/uploads\/2020\/09\/BOT_Logo-4.png","contentUrl":"https:\/\/bossaot.com\/wp-content\/uploads\/2020\/09\/BOT_Logo-4.png","width":1360,"height":856,"caption":"Bossa Online Training"},"image":{"@id":"https:\/\/bossaot.com\/it\/#\/schema\/logo\/image\/"},"sameAs":["https:\/\/www.facebook.com\/BossaOTUK","https:\/\/www.instagram.com\/bossaotuk"]}]}},"_links":{"self":[{"href":"https:\/\/bossaot.com\/it\/wp-json\/wp\/v2\/pages\/1806","targetHints":{"allow":["GET"]}}],"collection":[{"href":"https:\/\/bossaot.com\/it\/wp-json\/wp\/v2\/pages"}],"about":[{"href":"https:\/\/bossaot.com\/it\/wp-json\/wp\/v2\/types\/page"}],"author":[{"embeddable":true,"href":"https:\/\/bossaot.com\/it\/wp-json\/wp\/v2\/users\/1"}],"replies":[{"embeddable":true,"href":"https:\/\/bossaot.com\/it\/wp-json\/wp\/v2\/comments?post=1806"}],"version-history":[{"count":0,"href":"https:\/\/bossaot.com\/it\/wp-json\/wp\/v2\/pages\/1806\/revisions"}],"wp:attachment":[{"href":"https:\/\/bossaot.com\/it\/wp-json\/wp\/v2\/media?parent=1806"}],"curies":[{"name":"wp","href":"https:\/\/api.w.org\/{rel}","templated":true}]}}