{"id":1796,"date":"2021-02-11T17:59:23","date_gmt":"2021-02-11T17:59:23","guid":{"rendered":"https:\/\/bossaot.com\/?page_id=1796"},"modified":"2021-02-16T17:53:11","modified_gmt":"2021-02-16T17:53:11","slug":"policy","status":"publish","type":"page","link":"https:\/\/bossaot.com\/it\/policy\/","title":{"rendered":"Privacy Policy"},"content":{"rendered":"<p><strong>Informativa ai sensi dell&#8217;art. 13 del Codice della Privacy<\/strong><\/p>\n<p><strong>Ai sensi dell&#8217;articolo 13 del codice della D.Lgs. 196\/2003, vi rendiamo le seguenti informazioni.<\/strong><\/p>\n<p>Noi di\u00a0Bossa Online Training\u00a0riteniamo che la privacy dei nostri visitatori sia estremamente importante. Questo documento descrive dettagliatamente i tipi di informazioni personali raccolti e registrati dal nostro sito e come essi vengano utilizzati.<\/p>\n<p><strong>File di Registrazione (Log Files)<\/strong><\/p>\n<p>Come molti altri siti web, il nostro utilizza file di log. Questi file registrano semplicemente i visitatori del sito &#8211; di solito una procedura standard delle aziende di hosting e dei servizi di analisi degli hosting.<\/p>\n<p>Le informazioni contenute nei file di registro comprendono indirizzi di protocollo Internet (IP), il tipo di browser, Internet Service Provider (ISP), informazioni come data e ora, pagine referral, pagine d&#8217;uscita ed entrata o il numero di clic.<\/p>\n<p>Queste informazioni vengono utilizzate per analizzare le tendenze, amministrare il sito, monitorare il movimento degli utenti sul sito e raccogliere informazioni demografiche. Gli indirizzi IP e le altre informazioni non sono collegati a informazioni personali che possono essere identificate, dunque\u00a0<strong>tutti i dati sono raccolti in forma assolutamente anonima<\/strong>.<\/p>\n<p><strong>Questo sito web utilizza i Cookies<\/strong><\/p>\n<p>I cookies sono piccoli file di testo che vengono automaticamente posizionati sul PC del navigatore all\u2019interno del browser. Essi contengono informazioni di base sulla navigazione in Internet e grazie al browser vengono riconosciuti ogni volta che l\u2019utente visita il sito.<\/p>\n<p><strong>Cookie Policy<\/strong><\/p>\n<p>Questo sito utilizza cookies, anche di terze parti, per migliorarne l\u2019esperienza di navigazione, consentire a chi naviga di usufruire di eventuali servizi online e monitorare la navigazione nel sito.<\/p>\n<p><strong>Come disabilitare i Cookies<\/strong><\/p>\n<p>E\u2019 possibile disabilitare i cookies direttamente dal browser utilizzato, accedendo alle impostazioni (preferenze oppure opzioni): questa scelta potrebbe limitare alcune funzionalit\u00e0 di navigazione del sito.<\/p>\n<p><strong>Gestione dei Cookies<\/strong><\/p>\n<p>I cookies utilizzati in questo sito possono rientrare nelle categorie descritte di seguito.<\/p>\n<ul>\n<li><strong>Attivit\u00e0 strettamente necessarie al funzionamento<\/strong><br \/>\nQuesti cookies hanno natura tecnica e permettono al sito di funzionare correttamente. Ad esempio, mantengono l\u2019utente collegato durante la navigazione evitando che il sito richieda di collegarsi pi\u00f9 volte per accedere alle pagine successive.<\/li>\n<li><strong>Attivit\u00e0 di salvataggio delle preferenze<\/strong><br \/>\nQuesti cookie permettono di ricordare le preferenze selezionate dall\u2019utente durante la navigazione, ad esempio, consentono di impostare la lingua.<\/li>\n<li><strong>Attivit\u00e0 Statistiche e di Misurazione dell\u2019audience (es: Google Analytics)<\/strong><br \/>\nQuesti cookie ci aiutano a capire, attraverso dati raccolti in forma anonima e aggregata, come gli utenti interagiscono con i siti internet fornendo informazioni relative alle sezioni visitate, il tempo trascorso sul sito, eventuali malfunzionamenti. Questo aiuta a migliorare la resa dei siti internet.<\/li>\n<li><strong>Cookie di social media (es: Facebook)<\/strong><br \/>\nQuesti cookie di terza parte vengono utilizzati per integrare alcune diffuse funzionalit\u00e0 dei principali social media e fornirle all\u2019interno del sito. In particolare permettono la registrazione e l\u2019autenticazione sul sito tramite Facebook e Google Connect, la condivisione e i commenti di pagine del sito sul social, abilitano le funzionalit\u00e0 del \u201cmi piace\u201d su Facebook.<\/li>\n<\/ul>\n<p><strong>Finalit\u00e0 del trattamento<\/strong><\/p>\n<p>I dati possono essere raccolti per una o pi\u00f9 delle seguenti finalit\u00e0:<\/p>\n<ul>\n<li>Fornire l&#8217;accesso ad aree riservate del Portale e di Portali\/siti collegati con il presente e all&#8217;invio di comunicazioni anche di carattere commerciale, notizie, aggiornamenti sulle iniziative di questo sito e delle societ\u00e0 da essa controllate e\/o collegate e\/o Sponsor.<\/li>\n<li>Eventuale cessione a terzi dei suddetti dati, sempre finalizzata alla realizzazione di campagne di email marketing e all&#8217;invio di comunicazioni di carattere commerciale.<\/li>\n<li>Eseguire gli obblighi previsti da leggi o regolamenti;<\/li>\n<li>Gestione contatti;<\/li>\n<\/ul>\n<p><strong>Modalit\u00e0 del trattamento<\/strong><\/p>\n<p>I dati verranno trattati con le seguenti modalit\u00e0:<\/p>\n<ul>\n<li>Raccolta dati con modalit\u00e0 single-opt, in apposito database;<\/li>\n<li>Registrazione ed elaborazione su supporto cartaceo e\/o magnetico;<\/li>\n<li>Organizzazione degli archivi in forma prevalentemente automatizzata, ai sensi del Disciplinare Tecnico in materia di misure minime di sicurezza, Allegato B del Codice della Privacy.<\/li>\n<\/ul>\n<p><strong>Natura obbligatoria<\/strong><\/p>\n<p>Tutti i dati richiesti sono obbligatori.<\/p>\n<p><strong>Soggetti a cui dati potranno essere comunicati i dati personali<\/strong><\/p>\n<p>I dati raccolti potranno essere comunicati a:<\/p>\n<ul>\n<li>Societ\u00e0 e imprese per usi di direct mailing o attivit\u00e0 analoghe;<\/li>\n<li>Associazioni e fondazioni intenzionate ad acquistare spazi pubblicitari sulle liste o sul sito e\/o collegate alla fornitura di un particolare servizio.<\/li>\n<li>Soggetti che debbano avere accesso ai dati, come da norme di legge o di normative secondarie e\/o comunitarie.<\/li>\n<\/ul>\n<p><strong>Diritti dell&#8217;interessato<\/strong><\/p>\n<p>Ai sensi ai sensi dell&#8217;art. 7 (Diritto di accesso ai dati personali e altri diritti) del Codice della Privacy, vi segnaliamo che i vostri diritti in ordine al trattamento dei dati sono:<\/p>\n<ul>\n<li>Conoscere, mediante accesso gratuito l&#8217;esistenza di trattamenti di dati che possano riguardarvi;<\/li>\n<li>Essere informati sulla natura e sulle finalit\u00e0 del trattamento<\/li>\n<li>Ottenere a cura del titolare, senza ritardo:\n<ul>\n<li>La conferma dell&#8217;esistenza o meno di dati personali che vi riguardano, anche se non ancora registrati, e la comunicazione in forma intellegibile dei medesimi dati e della loro origine, nonch\u00e9 della logica e delle finalit\u00e0 su cui si basa il trattamento; la richiesta pu\u00f2 essere rinnovata, salva l&#8217;esistenza di giustificati motivi, con intervallo non minore di novanta giorni;<\/li>\n<li>La cancellazione, la trasformazione in forma anonima o il blocco dei dati trattati in violazione di legge, compresi quelli di cui non \u00e8 necessaria la conservazione in relazione agli scopi per i quali i dati sono stati raccolti o successivamente trattati;<\/li>\n<li>L\u2019aggiornamento, la rettifica ovvero, qualora vi abbia interesse, l&#8217;integrazione dei dati esistenti;<\/li>\n<li>Opporvi in tutto o in parte per motivi legittimi al trattamento dei dati personali che vi riguardano ancorch\u00e9 pertinenti allo scopo della raccolta;<\/li>\n<\/ul>\n<\/li>\n<\/ul>\n<p>Vi segnaliamo che il titolare del trattamento a ogni effetto di legge \u00e8:<\/p>\n<ul>\n<li>Bossa Online Training<\/li>\n<li>VAT 928 6929 67 GB<\/li>\n<li>St Andrews Chambers, Wells Street<\/li>\n<li>London W1T 3PJ, Regno Unito<\/li>\n<li>Tel\/Fax:\u00a0+44 20 7617 7284<\/li>\n<li>E-mail:\u00a0web @ bossaot.com<\/li>\n<\/ul>\n<p>Per esercitare i diritti previsti all&#8217;art. 7 del Codice della Privacy ovvero per la cancellazione dei vostri dati dall&#8217;archivio, \u00e8 sufficiente contattarci attraverso uno dei canali messi a disposizione.<\/p>\n<p>Tutti i dati sono protetti attraverso l&#8217;uso di antivirus, firewall e protezione attraverso password.<\/p>\n<p><strong>Informazioni per i bambini<\/strong><\/p>\n<p>Riteniamo importante assicurare una protezione aggiunta ai bambini online. Noi incoraggiamo i genitori e i tutori a trascorrere del tempo online con i loro figli per osservare, partecipare e\/o monitorare e guidare la loro attivit\u00e0 online. Noi non raccogliamo dati personali di minori. Se un genitore o un tutore crede che il nostro sito abbia nel suo database le informazioni personali di un bambino, vi preghiamo di contattarci immediatamente (utilizzando la mail fornita) e faremo di tutto per rimuovere tali informazioni il pi\u00f9 presto possibile.<\/p>\n<p>Questa politica sulla privacy si applica solo alle nostre attivit\u00e0 online ed \u00e8 valida per i visitatori del nostro sito web e per quanto riguarda le informazioni condivise e\/o raccolte. Questa politica non si applica a qualsiasi informazione raccolta in modalit\u00e0 offline o tramite canali diversi da questo sito web.<\/p>\n<p><strong>Consenso<\/strong><\/p>\n<p>Usando il nostro sito web, acconsenti alla nostra politica sulla privacy e accetti i suoi termini. Se desideri ulteriori informazioni o hai domande sulla nostra politica sulla privacy non esitare a contattarci.<\/p>\n","protected":false},"excerpt":{"rendered":"<p>Informativa ai sensi dell&#8217;art. 13 del Codice della Privacy Ai sensi dell&#8217;articolo 13 del codice della D.Lgs. 196\/2003, vi rendiamo le seguenti informazioni. Noi di\u00a0Bossa Online Training\u00a0riteniamo che la privacy dei nostri visitatori sia estremamente importante. Questo documento descrive dettagliatamente i tipi di informazioni personali raccolti e registrati dal nostro sito e come essi vengano [&hellip;]<\/p>\n","protected":false},"author":1,"featured_media":0,"parent":0,"menu_order":0,"comment_status":"closed","ping_status":"open","template":"","meta":{"_joinchat":[],"footnotes":""},"class_list":["post-1796","page","type-page","status-publish","hentry"],"yoast_head":"<!-- This site is optimized with the Yoast SEO plugin v27.4 - https:\/\/yoast.com\/product\/yoast-seo-wordpress\/ -->\n<title>Privacy Policy - Bossa Online Training<\/title>\n<meta name=\"robots\" content=\"index, follow, max-snippet:-1, max-image-preview:large, max-video-preview:-1\" \/>\n<link rel=\"canonical\" href=\"https:\/\/bossaot.com\/it\/policy\/\" \/>\n<meta property=\"og:locale\" content=\"it_IT\" \/>\n<meta property=\"og:type\" content=\"article\" \/>\n<meta property=\"og:title\" content=\"Privacy Policy - Bossa Online Training\" \/>\n<meta property=\"og:description\" content=\"Informativa ai sensi dell&#8217;art. 13 del Codice della Privacy Ai sensi dell&#8217;articolo 13 del codice della D.Lgs. 196\/2003, vi rendiamo le seguenti informazioni. Noi di\u00a0Bossa Online Training\u00a0riteniamo che la privacy dei nostri visitatori sia estremamente importante. Questo documento descrive dettagliatamente i tipi di informazioni personali raccolti e registrati dal nostro sito e come essi vengano [&hellip;]\" \/>\n<meta property=\"og:url\" content=\"https:\/\/bossaot.com\/it\/policy\/\" \/>\n<meta property=\"og:site_name\" content=\"Bossa Online Training\" \/>\n<meta property=\"article:publisher\" content=\"https:\/\/www.facebook.com\/BossaOTUK\" \/>\n<meta property=\"article:modified_time\" content=\"2021-02-16T17:53:11+00:00\" \/>\n<meta name=\"twitter:card\" content=\"summary_large_image\" \/>\n<meta name=\"twitter:label1\" content=\"Tempo di lettura stimato\" \/>\n\t<meta name=\"twitter:data1\" content=\"6 minuti\" \/>\n<script type=\"application\/ld+json\" class=\"yoast-schema-graph\">{\"@context\":\"https:\\\/\\\/schema.org\",\"@graph\":[{\"@type\":\"WebPage\",\"@id\":\"https:\\\/\\\/bossaot.com\\\/it\\\/policy\\\/\",\"url\":\"https:\\\/\\\/bossaot.com\\\/it\\\/policy\\\/\",\"name\":\"Privacy Policy - Bossa Online Training\",\"isPartOf\":{\"@id\":\"https:\\\/\\\/bossaot.com\\\/it\\\/#website\"},\"datePublished\":\"2021-02-11T17:59:23+00:00\",\"dateModified\":\"2021-02-16T17:53:11+00:00\",\"breadcrumb\":{\"@id\":\"https:\\\/\\\/bossaot.com\\\/it\\\/policy\\\/#breadcrumb\"},\"inLanguage\":\"it-IT\",\"potentialAction\":[{\"@type\":\"ReadAction\",\"target\":[\"https:\\\/\\\/bossaot.com\\\/it\\\/policy\\\/\"]}]},{\"@type\":\"BreadcrumbList\",\"@id\":\"https:\\\/\\\/bossaot.com\\\/it\\\/policy\\\/#breadcrumb\",\"itemListElement\":[{\"@type\":\"ListItem\",\"position\":1,\"name\":\"Home\",\"item\":\"https:\\\/\\\/bossaot.com\\\/it\\\/\"},{\"@type\":\"ListItem\",\"position\":2,\"name\":\"Privacy Policy\"}]},{\"@type\":\"WebSite\",\"@id\":\"https:\\\/\\\/bossaot.com\\\/it\\\/#website\",\"url\":\"https:\\\/\\\/bossaot.com\\\/it\\\/\",\"name\":\"Bossa Online Training\",\"description\":\"\",\"publisher\":{\"@id\":\"https:\\\/\\\/bossaot.com\\\/it\\\/#organization\"},\"potentialAction\":[{\"@type\":\"SearchAction\",\"target\":{\"@type\":\"EntryPoint\",\"urlTemplate\":\"https:\\\/\\\/bossaot.com\\\/it\\\/?s={search_term_string}\"},\"query-input\":{\"@type\":\"PropertyValueSpecification\",\"valueRequired\":true,\"valueName\":\"search_term_string\"}}],\"inLanguage\":\"it-IT\"},{\"@type\":\"Organization\",\"@id\":\"https:\\\/\\\/bossaot.com\\\/it\\\/#organization\",\"name\":\"Bossa Online Training\",\"url\":\"https:\\\/\\\/bossaot.com\\\/it\\\/\",\"logo\":{\"@type\":\"ImageObject\",\"inLanguage\":\"it-IT\",\"@id\":\"https:\\\/\\\/bossaot.com\\\/it\\\/#\\\/schema\\\/logo\\\/image\\\/\",\"url\":\"https:\\\/\\\/bossaot.com\\\/wp-content\\\/uploads\\\/2020\\\/09\\\/BOT_Logo-4.png\",\"contentUrl\":\"https:\\\/\\\/bossaot.com\\\/wp-content\\\/uploads\\\/2020\\\/09\\\/BOT_Logo-4.png\",\"width\":1360,\"height\":856,\"caption\":\"Bossa Online Training\"},\"image\":{\"@id\":\"https:\\\/\\\/bossaot.com\\\/it\\\/#\\\/schema\\\/logo\\\/image\\\/\"},\"sameAs\":[\"https:\\\/\\\/www.facebook.com\\\/BossaOTUK\",\"https:\\\/\\\/www.instagram.com\\\/bossaotuk\"]}]}<\/script>\n<!-- \/ Yoast SEO plugin. -->","yoast_head_json":{"title":"Privacy Policy - Bossa Online Training","robots":{"index":"index","follow":"follow","max-snippet":"max-snippet:-1","max-image-preview":"max-image-preview:large","max-video-preview":"max-video-preview:-1"},"canonical":"https:\/\/bossaot.com\/it\/policy\/","og_locale":"it_IT","og_type":"article","og_title":"Privacy Policy - Bossa Online Training","og_description":"Informativa ai sensi dell&#8217;art. 13 del Codice della Privacy Ai sensi dell&#8217;articolo 13 del codice della D.Lgs. 196\/2003, vi rendiamo le seguenti informazioni. Noi di\u00a0Bossa Online Training\u00a0riteniamo che la privacy dei nostri visitatori sia estremamente importante. Questo documento descrive dettagliatamente i tipi di informazioni personali raccolti e registrati dal nostro sito e come essi vengano [&hellip;]","og_url":"https:\/\/bossaot.com\/it\/policy\/","og_site_name":"Bossa Online Training","article_publisher":"https:\/\/www.facebook.com\/BossaOTUK","article_modified_time":"2021-02-16T17:53:11+00:00","twitter_card":"summary_large_image","twitter_misc":{"Tempo di lettura stimato":"6 minuti"},"schema":{"@context":"https:\/\/schema.org","@graph":[{"@type":"WebPage","@id":"https:\/\/bossaot.com\/it\/policy\/","url":"https:\/\/bossaot.com\/it\/policy\/","name":"Privacy Policy - Bossa Online Training","isPartOf":{"@id":"https:\/\/bossaot.com\/it\/#website"},"datePublished":"2021-02-11T17:59:23+00:00","dateModified":"2021-02-16T17:53:11+00:00","breadcrumb":{"@id":"https:\/\/bossaot.com\/it\/policy\/#breadcrumb"},"inLanguage":"it-IT","potentialAction":[{"@type":"ReadAction","target":["https:\/\/bossaot.com\/it\/policy\/"]}]},{"@type":"BreadcrumbList","@id":"https:\/\/bossaot.com\/it\/policy\/#breadcrumb","itemListElement":[{"@type":"ListItem","position":1,"name":"Home","item":"https:\/\/bossaot.com\/it\/"},{"@type":"ListItem","position":2,"name":"Privacy Policy"}]},{"@type":"WebSite","@id":"https:\/\/bossaot.com\/it\/#website","url":"https:\/\/bossaot.com\/it\/","name":"Bossa Online Training","description":"","publisher":{"@id":"https:\/\/bossaot.com\/it\/#organization"},"potentialAction":[{"@type":"SearchAction","target":{"@type":"EntryPoint","urlTemplate":"https:\/\/bossaot.com\/it\/?s={search_term_string}"},"query-input":{"@type":"PropertyValueSpecification","valueRequired":true,"valueName":"search_term_string"}}],"inLanguage":"it-IT"},{"@type":"Organization","@id":"https:\/\/bossaot.com\/it\/#organization","name":"Bossa Online Training","url":"https:\/\/bossaot.com\/it\/","logo":{"@type":"ImageObject","inLanguage":"it-IT","@id":"https:\/\/bossaot.com\/it\/#\/schema\/logo\/image\/","url":"https:\/\/bossaot.com\/wp-content\/uploads\/2020\/09\/BOT_Logo-4.png","contentUrl":"https:\/\/bossaot.com\/wp-content\/uploads\/2020\/09\/BOT_Logo-4.png","width":1360,"height":856,"caption":"Bossa Online Training"},"image":{"@id":"https:\/\/bossaot.com\/it\/#\/schema\/logo\/image\/"},"sameAs":["https:\/\/www.facebook.com\/BossaOTUK","https:\/\/www.instagram.com\/bossaotuk"]}]}},"_links":{"self":[{"href":"https:\/\/bossaot.com\/it\/wp-json\/wp\/v2\/pages\/1796","targetHints":{"allow":["GET"]}}],"collection":[{"href":"https:\/\/bossaot.com\/it\/wp-json\/wp\/v2\/pages"}],"about":[{"href":"https:\/\/bossaot.com\/it\/wp-json\/wp\/v2\/types\/page"}],"author":[{"embeddable":true,"href":"https:\/\/bossaot.com\/it\/wp-json\/wp\/v2\/users\/1"}],"replies":[{"embeddable":true,"href":"https:\/\/bossaot.com\/it\/wp-json\/wp\/v2\/comments?post=1796"}],"version-history":[{"count":0,"href":"https:\/\/bossaot.com\/it\/wp-json\/wp\/v2\/pages\/1796\/revisions"}],"wp:attachment":[{"href":"https:\/\/bossaot.com\/it\/wp-json\/wp\/v2\/media?parent=1796"}],"curies":[{"name":"wp","href":"https:\/\/api.w.org\/{rel}","templated":true}]}}