{"id":1881,"date":"2021-02-16T17:47:53","date_gmt":"2021-02-16T17:47:53","guid":{"rendered":"https:\/\/bossaot.com\/por-que-bot\/"},"modified":"2021-10-04T15:41:18","modified_gmt":"2021-10-04T15:41:18","slug":"por-que-bot","status":"publish","type":"page","link":"https:\/\/bossaot.com\/es\/por-que-bot\/","title":{"rendered":"\u00bfPor qu\u00e9 BOT?"},"content":{"rendered":"\t\t<div data-elementor-type=\"wp-page\" data-elementor-id=\"1881\" class=\"elementor elementor-1881 elementor-100\">\n\t\t\t\t\t\t<section class=\"elementor-section elementor-top-section elementor-element elementor-element-77c99c9 elementor-section-boxed elementor-section-height-default elementor-section-height-default\" data-id=\"77c99c9\" data-element_type=\"section\" data-e-type=\"section\">\n\t\t\t\t\t\t<div class=\"elementor-container elementor-column-gap-default\">\n\t\t\t\t\t<div class=\"elementor-column elementor-col-100 elementor-top-column elementor-element elementor-element-39c7b932\" data-id=\"39c7b932\" data-element_type=\"column\" data-e-type=\"column\">\n\t\t\t<div class=\"elementor-widget-wrap elementor-element-populated\">\n\t\t\t\t\t\t<div class=\"elementor-element elementor-element-588cd1be elementor-widget elementor-widget-text-editor\" data-id=\"588cd1be\" data-element_type=\"widget\" data-e-type=\"widget\" data-widget_type=\"text-editor.default\">\n\t\t\t\t<div class=\"elementor-widget-container\">\n\t\t\t\t\t\t\t\t\t<p>BOT &#8211; Bossa Online Training ofrece a los especialistas de la industria de viajes la oportunidad de aprender m\u00e1s acerca de destinos y productos de viajes, ofreciendo capacitaci\u00f3n online para que los profesionales de viajes puedan incrementar sus conocimientos y ser especialistas en sus \u00e1reas. Despu\u00e9s de registrarse en BOT &#8211; Bossa Online Training, tendr\u00e1s acceso instant\u00e1neo a toda nuestra capacitaci\u00f3n online. Nuestro sistema permite un intercambio sencillo entre un programa de capacitaci\u00f3n y otro, lo que garantiza que est\u00e9s completamente actualizado con las \u00faltimas iniciativas de formaci\u00f3n.<\/p><p>BOT &#8211; Bossa Online Training tambi\u00e9n le permite recibir incentivos por completar con \u00e9xito algunos cursos y lo mantiene actualizado sobre su progreso a lo largo de la experiencia de capacitaci\u00f3n.<\/p><p>Despu\u00e9s de inscribirse en BOT &#8211; Bossa Online Training, recibir\u00e1s informaci\u00f3n cada vez que haya nuevos cursos, eventos de destino, fam trips, concursos, incentivos y otras noticias.<\/p>\t\t\t\t\t\t\t\t<\/div>\n\t\t\t\t<\/div>\n\t\t\t\t<div class=\"elementor-element elementor-element-8e12b63 elementor-widget-divider--view-line elementor-widget elementor-widget-divider\" data-id=\"8e12b63\" data-element_type=\"widget\" data-e-type=\"widget\" data-widget_type=\"divider.default\">\n\t\t\t\t<div class=\"elementor-widget-container\">\n\t\t\t\t\t\t\t<div class=\"elementor-divider\">\n\t\t\t<span class=\"elementor-divider-separator\">\n\t\t\t\t\t\t<\/span>\n\t\t<\/div>\n\t\t\t\t\t\t<\/div>\n\t\t\t\t<\/div>\n\t\t\t\t<div class=\"elementor-element elementor-element-cb6f199 elementor-widget elementor-widget-text-editor\" data-id=\"cb6f199\" data-element_type=\"widget\" data-e-type=\"widget\" data-widget_type=\"text-editor.default\">\n\t\t\t\t<div class=\"elementor-widget-container\">\n\t\t\t\t\t\t\t\t\t<p><strong>SIN COSTO<\/strong><br \/>Todos nuestros cursos de capacitaci\u00f3n online son gratuitos. Interactivo<br \/>Lo mantendremos completamente actualizado con las \u00faltimas opciones de capacitaci\u00f3n.<\/p><p><strong>Conveniencia<\/strong><br \/>Puede acceder a los cursos de formaci\u00f3n en cualquier momento que desee y no hay l\u00edmite de tiempo para completarlos.<\/p><p><strong>Posibilidad de ganar premios y lugares en Fam Trips<\/strong><br \/>\u00a1Emocionantes competiciones! Gana un lugar en viajes familiares o cualquiera de los otros premios que ofrecen los programas de capacitaci\u00f3n individual.<\/p><p><strong>Certificado descargable para reclamar su condici\u00f3n de experto<\/strong><br \/>Cada programa de capacitaci\u00f3n tiene ex\u00e1menes reconocidos por ese destino \/ producto de viaje. Una vez completado con \u00e9xito la capacitaci\u00f3n, puede acceder a un certificado descargable e imprimible con el estado de \u00abexperto\u00bb correspondiente.<\/p>\t\t\t\t\t\t\t\t<\/div>\n\t\t\t\t<\/div>\n\t\t\t\t<div class=\"elementor-element elementor-element-7089d86 elementor-button-info elementor-align-center elementor-widget elementor-widget-button\" data-id=\"7089d86\" data-element_type=\"widget\" data-e-type=\"widget\" data-widget_type=\"button.default\">\n\t\t\t\t<div class=\"elementor-widget-container\">\n\t\t\t\t\t\t\t\t\t<div class=\"elementor-button-wrapper\">\n\t\t\t\t\t<a class=\"elementor-button elementor-button-link elementor-size-sm\" href=\"https:\/\/bossaot.com\/es\/registrarse\/\">\n\t\t\t\t\t\t<span class=\"elementor-button-content-wrapper\">\n\t\t\t\t\t\t\t\t\t<span class=\"elementor-button-text\">Reg\u00edstrate Ahora<\/span>\n\t\t\t\t\t<\/span>\n\t\t\t\t\t<\/a>\n\t\t\t\t<\/div>\n\t\t\t\t\t\t\t\t<\/div>\n\t\t\t\t<\/div>\n\t\t\t\t\t<\/div>\n\t\t<\/div>\n\t\t\t\t\t<\/div>\n\t\t<\/section>\n\t\t\t\t<\/div>\n\t\t","protected":false},"excerpt":{"rendered":"<p>BOT &#8211; Bossa Online Training ofrece a los especialistas de la industria de viajes la oportunidad de aprender m\u00e1s acerca de destinos y productos de viajes, ofreciendo capacitaci\u00f3n online para que los profesionales de viajes puedan incrementar sus conocimientos y ser especialistas en sus \u00e1reas. Despu\u00e9s de registrarse en BOT &#8211; Bossa Online Training, tendr\u00e1s [&hellip;]<\/p>\n","protected":false},"author":1,"featured_media":2959,"parent":0,"menu_order":0,"comment_status":"closed","ping_status":"closed","template":"","meta":{"_joinchat":[],"footnotes":""},"class_list":["post-1881","page","type-page","status-publish","has-post-thumbnail","hentry"],"yoast_head":"<!-- This site is optimized with the Yoast SEO plugin v27.3 - https:\/\/yoast.com\/product\/yoast-seo-wordpress\/ -->\n<title>Acerca de Nosotros| Bossa Online Training - S\u00e9 un Expert en Viajes!<\/title>\n<meta name=\"description\" content=\"BOT - Bossa Online Training es una empresa internacional especializada en formaci\u00f3n online para agentes de viajes y tour operadores...\" \/>\n<meta name=\"robots\" content=\"index, follow, max-snippet:-1, max-image-preview:large, max-video-preview:-1\" \/>\n<link rel=\"canonical\" href=\"https:\/\/bossaot.com\/es\/por-que-bot\/\" \/>\n<meta property=\"og:locale\" content=\"es_ES\" \/>\n<meta property=\"og:type\" content=\"article\" \/>\n<meta property=\"og:title\" content=\"Acerca de Nosotros| Bossa Online Training - S\u00e9 un Expert en Viajes!\" \/>\n<meta property=\"og:description\" content=\"BOT - Bossa Online Training es una empresa internacional especializada en formaci\u00f3n online para agentes de viajes y tour operadores...\" \/>\n<meta property=\"og:url\" content=\"https:\/\/bossaot.com\/es\/por-que-bot\/\" \/>\n<meta property=\"og:site_name\" content=\"Bossa Online Training\" \/>\n<meta property=\"article:publisher\" content=\"https:\/\/www.facebook.com\/BossaOTUK\" \/>\n<meta property=\"article:modified_time\" content=\"2021-10-04T15:41:18+00:00\" \/>\n<meta property=\"og:image\" content=\"https:\/\/bossaot.com\/wp-content\/uploads\/2021\/03\/BOT-banner-mobile-es-20212303-2.png\" \/>\n\t<meta property=\"og:image:width\" content=\"1456\" \/>\n\t<meta property=\"og:image:height\" content=\"500\" \/>\n\t<meta property=\"og:image:type\" content=\"image\/png\" \/>\n<meta name=\"twitter:card\" content=\"summary_large_image\" \/>\n<meta name=\"twitter:label1\" content=\"Tiempo de lectura\" \/>\n\t<meta name=\"twitter:data1\" content=\"2 minutos\" \/>\n<script type=\"application\/ld+json\" class=\"yoast-schema-graph\">{\"@context\":\"https:\\\/\\\/schema.org\",\"@graph\":[{\"@type\":\"WebPage\",\"@id\":\"https:\\\/\\\/bossaot.com\\\/es\\\/por-que-bot\\\/\",\"url\":\"https:\\\/\\\/bossaot.com\\\/es\\\/por-que-bot\\\/\",\"name\":\"Acerca de Nosotros| Bossa Online Training - S\u00e9 un Expert en Viajes!\",\"isPartOf\":{\"@id\":\"https:\\\/\\\/bossaot.com\\\/es\\\/#website\"},\"primaryImageOfPage\":{\"@id\":\"https:\\\/\\\/bossaot.com\\\/es\\\/por-que-bot\\\/#primaryimage\"},\"image\":{\"@id\":\"https:\\\/\\\/bossaot.com\\\/es\\\/por-que-bot\\\/#primaryimage\"},\"thumbnailUrl\":\"https:\\\/\\\/bossaot.com\\\/wp-content\\\/uploads\\\/2021\\\/03\\\/BOT-banner-mobile-es-20212303-2.png\",\"datePublished\":\"2021-02-16T17:47:53+00:00\",\"dateModified\":\"2021-10-04T15:41:18+00:00\",\"description\":\"BOT - Bossa Online Training es una empresa internacional especializada en formaci\u00f3n online para agentes de viajes y tour operadores...\",\"breadcrumb\":{\"@id\":\"https:\\\/\\\/bossaot.com\\\/es\\\/por-que-bot\\\/#breadcrumb\"},\"inLanguage\":\"es\",\"potentialAction\":[{\"@type\":\"ReadAction\",\"target\":[\"https:\\\/\\\/bossaot.com\\\/es\\\/por-que-bot\\\/\"]}]},{\"@type\":\"ImageObject\",\"inLanguage\":\"es\",\"@id\":\"https:\\\/\\\/bossaot.com\\\/es\\\/por-que-bot\\\/#primaryimage\",\"url\":\"https:\\\/\\\/bossaot.com\\\/wp-content\\\/uploads\\\/2021\\\/03\\\/BOT-banner-mobile-es-20212303-2.png\",\"contentUrl\":\"https:\\\/\\\/bossaot.com\\\/wp-content\\\/uploads\\\/2021\\\/03\\\/BOT-banner-mobile-es-20212303-2.png\",\"width\":1456,\"height\":500},{\"@type\":\"BreadcrumbList\",\"@id\":\"https:\\\/\\\/bossaot.com\\\/es\\\/por-que-bot\\\/#breadcrumb\",\"itemListElement\":[{\"@type\":\"ListItem\",\"position\":1,\"name\":\"Home\",\"item\":\"https:\\\/\\\/bossaot.com\\\/es\\\/\"},{\"@type\":\"ListItem\",\"position\":2,\"name\":\"\u00bfPor qu\u00e9 BOT?\"}]},{\"@type\":\"WebSite\",\"@id\":\"https:\\\/\\\/bossaot.com\\\/es\\\/#website\",\"url\":\"https:\\\/\\\/bossaot.com\\\/es\\\/\",\"name\":\"Bossa Online Training\",\"description\":\"\",\"publisher\":{\"@id\":\"https:\\\/\\\/bossaot.com\\\/es\\\/#organization\"},\"potentialAction\":[{\"@type\":\"SearchAction\",\"target\":{\"@type\":\"EntryPoint\",\"urlTemplate\":\"https:\\\/\\\/bossaot.com\\\/es\\\/?s={search_term_string}\"},\"query-input\":{\"@type\":\"PropertyValueSpecification\",\"valueRequired\":true,\"valueName\":\"search_term_string\"}}],\"inLanguage\":\"es\"},{\"@type\":\"Organization\",\"@id\":\"https:\\\/\\\/bossaot.com\\\/es\\\/#organization\",\"name\":\"Bossa Online Training\",\"url\":\"https:\\\/\\\/bossaot.com\\\/es\\\/\",\"logo\":{\"@type\":\"ImageObject\",\"inLanguage\":\"es\",\"@id\":\"https:\\\/\\\/bossaot.com\\\/es\\\/#\\\/schema\\\/logo\\\/image\\\/\",\"url\":\"https:\\\/\\\/bossaot.com\\\/wp-content\\\/uploads\\\/2020\\\/09\\\/BOT_Logo-4.png\",\"contentUrl\":\"https:\\\/\\\/bossaot.com\\\/wp-content\\\/uploads\\\/2020\\\/09\\\/BOT_Logo-4.png\",\"width\":1360,\"height\":856,\"caption\":\"Bossa Online Training\"},\"image\":{\"@id\":\"https:\\\/\\\/bossaot.com\\\/es\\\/#\\\/schema\\\/logo\\\/image\\\/\"},\"sameAs\":[\"https:\\\/\\\/www.facebook.com\\\/BossaOTUK\",\"https:\\\/\\\/www.instagram.com\\\/bossaotuk\"]}]}<\/script>\n<!-- \/ Yoast SEO plugin. -->","yoast_head_json":{"title":"Acerca de Nosotros| Bossa Online Training - S\u00e9 un Expert en Viajes!","description":"BOT - Bossa Online Training es una empresa internacional especializada en formaci\u00f3n online para agentes de viajes y tour operadores...","robots":{"index":"index","follow":"follow","max-snippet":"max-snippet:-1","max-image-preview":"max-image-preview:large","max-video-preview":"max-video-preview:-1"},"canonical":"https:\/\/bossaot.com\/es\/por-que-bot\/","og_locale":"es_ES","og_type":"article","og_title":"Acerca de Nosotros| Bossa Online Training - S\u00e9 un Expert en Viajes!","og_description":"BOT - Bossa Online Training es una empresa internacional especializada en formaci\u00f3n online para agentes de viajes y tour operadores...","og_url":"https:\/\/bossaot.com\/es\/por-que-bot\/","og_site_name":"Bossa Online Training","article_publisher":"https:\/\/www.facebook.com\/BossaOTUK","article_modified_time":"2021-10-04T15:41:18+00:00","og_image":[{"width":1456,"height":500,"url":"https:\/\/bossaot.com\/wp-content\/uploads\/2021\/03\/BOT-banner-mobile-es-20212303-2.png","type":"image\/png"}],"twitter_card":"summary_large_image","twitter_misc":{"Tiempo de lectura":"2 minutos"},"schema":{"@context":"https:\/\/schema.org","@graph":[{"@type":"WebPage","@id":"https:\/\/bossaot.com\/es\/por-que-bot\/","url":"https:\/\/bossaot.com\/es\/por-que-bot\/","name":"Acerca de Nosotros| Bossa Online Training - S\u00e9 un Expert en Viajes!","isPartOf":{"@id":"https:\/\/bossaot.com\/es\/#website"},"primaryImageOfPage":{"@id":"https:\/\/bossaot.com\/es\/por-que-bot\/#primaryimage"},"image":{"@id":"https:\/\/bossaot.com\/es\/por-que-bot\/#primaryimage"},"thumbnailUrl":"https:\/\/bossaot.com\/wp-content\/uploads\/2021\/03\/BOT-banner-mobile-es-20212303-2.png","datePublished":"2021-02-16T17:47:53+00:00","dateModified":"2021-10-04T15:41:18+00:00","description":"BOT - Bossa Online Training es una empresa internacional especializada en formaci\u00f3n online para agentes de viajes y tour operadores...","breadcrumb":{"@id":"https:\/\/bossaot.com\/es\/por-que-bot\/#breadcrumb"},"inLanguage":"es","potentialAction":[{"@type":"ReadAction","target":["https:\/\/bossaot.com\/es\/por-que-bot\/"]}]},{"@type":"ImageObject","inLanguage":"es","@id":"https:\/\/bossaot.com\/es\/por-que-bot\/#primaryimage","url":"https:\/\/bossaot.com\/wp-content\/uploads\/2021\/03\/BOT-banner-mobile-es-20212303-2.png","contentUrl":"https:\/\/bossaot.com\/wp-content\/uploads\/2021\/03\/BOT-banner-mobile-es-20212303-2.png","width":1456,"height":500},{"@type":"BreadcrumbList","@id":"https:\/\/bossaot.com\/es\/por-que-bot\/#breadcrumb","itemListElement":[{"@type":"ListItem","position":1,"name":"Home","item":"https:\/\/bossaot.com\/es\/"},{"@type":"ListItem","position":2,"name":"\u00bfPor qu\u00e9 BOT?"}]},{"@type":"WebSite","@id":"https:\/\/bossaot.com\/es\/#website","url":"https:\/\/bossaot.com\/es\/","name":"Bossa Online Training","description":"","publisher":{"@id":"https:\/\/bossaot.com\/es\/#organization"},"potentialAction":[{"@type":"SearchAction","target":{"@type":"EntryPoint","urlTemplate":"https:\/\/bossaot.com\/es\/?s={search_term_string}"},"query-input":{"@type":"PropertyValueSpecification","valueRequired":true,"valueName":"search_term_string"}}],"inLanguage":"es"},{"@type":"Organization","@id":"https:\/\/bossaot.com\/es\/#organization","name":"Bossa Online Training","url":"https:\/\/bossaot.com\/es\/","logo":{"@type":"ImageObject","inLanguage":"es","@id":"https:\/\/bossaot.com\/es\/#\/schema\/logo\/image\/","url":"https:\/\/bossaot.com\/wp-content\/uploads\/2020\/09\/BOT_Logo-4.png","contentUrl":"https:\/\/bossaot.com\/wp-content\/uploads\/2020\/09\/BOT_Logo-4.png","width":1360,"height":856,"caption":"Bossa Online Training"},"image":{"@id":"https:\/\/bossaot.com\/es\/#\/schema\/logo\/image\/"},"sameAs":["https:\/\/www.facebook.com\/BossaOTUK","https:\/\/www.instagram.com\/bossaotuk"]}]}},"_links":{"self":[{"href":"https:\/\/bossaot.com\/es\/wp-json\/wp\/v2\/pages\/1881","targetHints":{"allow":["GET"]}}],"collection":[{"href":"https:\/\/bossaot.com\/es\/wp-json\/wp\/v2\/pages"}],"about":[{"href":"https:\/\/bossaot.com\/es\/wp-json\/wp\/v2\/types\/page"}],"author":[{"embeddable":true,"href":"https:\/\/bossaot.com\/es\/wp-json\/wp\/v2\/users\/1"}],"replies":[{"embeddable":true,"href":"https:\/\/bossaot.com\/es\/wp-json\/wp\/v2\/comments?post=1881"}],"version-history":[{"count":1,"href":"https:\/\/bossaot.com\/es\/wp-json\/wp\/v2\/pages\/1881\/revisions"}],"predecessor-version":[{"id":3640,"href":"https:\/\/bossaot.com\/es\/wp-json\/wp\/v2\/pages\/1881\/revisions\/3640"}],"wp:featuredmedia":[{"embeddable":true,"href":"https:\/\/bossaot.com\/es\/wp-json\/wp\/v2\/media\/2959"}],"wp:attachment":[{"href":"https:\/\/bossaot.com\/es\/wp-json\/wp\/v2\/media?parent=1881"}],"curies":[{"name":"wp","href":"https:\/\/api.w.org\/{rel}","templated":true}]}}