{"id":1804,"date":"2021-02-11T18:03:31","date_gmt":"2021-02-11T18:03:31","guid":{"rendered":"https:\/\/bossaot.com\/?page_id=1804"},"modified":"2021-02-16T17:54:44","modified_gmt":"2021-02-16T17:54:44","slug":"terminos-y-condiciones-de-uso","status":"publish","type":"page","link":"https:\/\/bossaot.com\/es\/terminos-y-condiciones-de-uso\/","title":{"rendered":"T\u00e9rminos y Condiciones de Uso"},"content":{"rendered":"<p><strong>INFORMACI\u00d3N RELEVANTE<\/strong><\/p>\n<p>Es requisito necesario que lea y acepte los siguientes T\u00e9rminos y Condiciones que a continuaci\u00f3n se redactan. El uso de nuestros servicios implicar\u00e1 que usted ha le\u00eddo y aceptado los T\u00e9rminos y Condiciones de Uso en el presente documento. \u00a0Cualquier servicio ofrecido por nuestro sitio web pudiera ser creado o presentado por una p\u00e1gina web tercera y en tal caso estar\u00edan sujetas a sus propios T\u00e9rminos y Condiciones. En algunos casosser\u00e1 necesario el registro por parte del usuario, con ingreso de datos personales fidedignos y definici\u00f3n de una contrase\u00f1a.<\/p>\n<p>El usuario puede elegir y cambiar la clave para su acceso de administraci\u00f3n de la cuenta en cualquier momento, en caso de que se haya registrado. Bossa Online Training no asume la responsabilidad en caso de que entregue dicha clave a terceros.<\/p>\n<p><strong>LICENCIA<\/strong><\/p>\n<p>Bossa Online Training\u00a0 a trav\u00e9s de su sitio web concede una licencia para que los usuarios utilicen\u00a0 los servicios en este sitio web de acuerdo a los T\u00e9rminos y Condiciones que se describen en este documento.<\/p>\n<p><strong>USO NO AUTORIZADO<\/strong><\/p>\n<p>En caso de que aplique usted no puede colocar uno de nuestros servicios, modificado o sin modificar, en un CD, sitio web o ning\u00fan otro medio y ofrecerlos para la redistribuci\u00f3n o la reventa de ning\u00fan tipo.<\/p>\n<p><strong>PROPIEDAD<\/strong><\/p>\n<p>Usted no puede declarar propiedad intelectual o exclusiva a ninguno de nuestros servicios, modificado o sin modificar. Todos los servicios son propiedad \u00a0de los proveedores del contenido. En ning\u00fan momento esta compa\u00f1\u00eda ser\u00e1 \u00a0responsable de ning\u00fan da\u00f1o incluyendo, pero no limitado a, da\u00f1os directos, indirectos, especiales, fortuitos o consecuentes u otras p\u00e9rdidas resultantes del uso o de la imposibilidad de utilizar nuestros servicios.<\/p>\n<p><strong>PRIVACIDAD<\/strong><\/p>\n<p>El sitio bossaot.com garantiza que la informaci\u00f3n personal que usted env\u00eda cuenta con la seguridad necesaria. Los datos ingresados por usuario o en el caso de requerir una validaci\u00f3n de los pedidos no ser\u00e1n entregados a terceros, salvo que deba ser revelada en cumplimiento a una orden judicial o requerimientos legales.<\/p>\n<p>La suscripci\u00f3n a boletines de correos electr\u00f3nicos es voluntaria y podr\u00eda ser seleccionada al momento de crear su cuenta.<\/p>\n<p>Bossa Online Training reserva los derechos de cambiar o de modificar estos t\u00e9rminos sin previo aviso.<\/p>\n","protected":false},"excerpt":{"rendered":"<p>INFORMACI\u00d3N RELEVANTE Es requisito necesario que lea y acepte los siguientes T\u00e9rminos y Condiciones que a continuaci\u00f3n se redactan. El uso de nuestros servicios implicar\u00e1 que usted ha le\u00eddo y aceptado los T\u00e9rminos y Condiciones de Uso en el presente documento. \u00a0Cualquier servicio ofrecido por nuestro sitio web pudiera ser creado o presentado por una [&hellip;]<\/p>\n","protected":false},"author":1,"featured_media":0,"parent":0,"menu_order":0,"comment_status":"closed","ping_status":"closed","template":"","meta":{"_joinchat":[],"footnotes":""},"class_list":["post-1804","page","type-page","status-publish","hentry"],"yoast_head":"<!-- This site is optimized with the Yoast SEO plugin v27.3 - https:\/\/yoast.com\/product\/yoast-seo-wordpress\/ -->\n<title>T\u00e9rminos y Condiciones de Uso - Bossa Online Training<\/title>\n<meta name=\"robots\" content=\"index, follow, max-snippet:-1, max-image-preview:large, max-video-preview:-1\" \/>\n<link rel=\"canonical\" href=\"https:\/\/bossaot.com\/es\/terminos-y-condiciones-de-uso\/\" \/>\n<meta property=\"og:locale\" content=\"es_ES\" \/>\n<meta property=\"og:type\" content=\"article\" \/>\n<meta property=\"og:title\" content=\"T\u00e9rminos y Condiciones de Uso - Bossa Online Training\" \/>\n<meta property=\"og:description\" content=\"INFORMACI\u00d3N RELEVANTE Es requisito necesario que lea y acepte los siguientes T\u00e9rminos y Condiciones que a continuaci\u00f3n se redactan. El uso de nuestros servicios implicar\u00e1 que usted ha le\u00eddo y aceptado los T\u00e9rminos y Condiciones de Uso en el presente documento. \u00a0Cualquier servicio ofrecido por nuestro sitio web pudiera ser creado o presentado por una [&hellip;]\" \/>\n<meta property=\"og:url\" content=\"https:\/\/bossaot.com\/es\/terminos-y-condiciones-de-uso\/\" \/>\n<meta property=\"og:site_name\" content=\"Bossa Online Training\" \/>\n<meta property=\"article:publisher\" content=\"https:\/\/www.facebook.com\/BossaOTUK\" \/>\n<meta property=\"article:modified_time\" content=\"2021-02-16T17:54:44+00:00\" \/>\n<meta name=\"twitter:card\" content=\"summary_large_image\" \/>\n<meta name=\"twitter:label1\" content=\"Tiempo de lectura\" \/>\n\t<meta name=\"twitter:data1\" content=\"2 minutos\" \/>\n<script type=\"application\/ld+json\" class=\"yoast-schema-graph\">{\"@context\":\"https:\\\/\\\/schema.org\",\"@graph\":[{\"@type\":\"WebPage\",\"@id\":\"https:\\\/\\\/bossaot.com\\\/es\\\/terminos-y-condiciones-de-uso\\\/\",\"url\":\"https:\\\/\\\/bossaot.com\\\/es\\\/terminos-y-condiciones-de-uso\\\/\",\"name\":\"T\u00e9rminos y Condiciones de Uso - Bossa Online Training\",\"isPartOf\":{\"@id\":\"https:\\\/\\\/bossaot.com\\\/es\\\/#website\"},\"datePublished\":\"2021-02-11T18:03:31+00:00\",\"dateModified\":\"2021-02-16T17:54:44+00:00\",\"breadcrumb\":{\"@id\":\"https:\\\/\\\/bossaot.com\\\/es\\\/terminos-y-condiciones-de-uso\\\/#breadcrumb\"},\"inLanguage\":\"es\",\"potentialAction\":[{\"@type\":\"ReadAction\",\"target\":[\"https:\\\/\\\/bossaot.com\\\/es\\\/terminos-y-condiciones-de-uso\\\/\"]}]},{\"@type\":\"BreadcrumbList\",\"@id\":\"https:\\\/\\\/bossaot.com\\\/es\\\/terminos-y-condiciones-de-uso\\\/#breadcrumb\",\"itemListElement\":[{\"@type\":\"ListItem\",\"position\":1,\"name\":\"Home\",\"item\":\"https:\\\/\\\/bossaot.com\\\/es\\\/\"},{\"@type\":\"ListItem\",\"position\":2,\"name\":\"T\u00e9rminos y Condiciones de Uso\"}]},{\"@type\":\"WebSite\",\"@id\":\"https:\\\/\\\/bossaot.com\\\/es\\\/#website\",\"url\":\"https:\\\/\\\/bossaot.com\\\/es\\\/\",\"name\":\"Bossa Online Training\",\"description\":\"\",\"publisher\":{\"@id\":\"https:\\\/\\\/bossaot.com\\\/es\\\/#organization\"},\"potentialAction\":[{\"@type\":\"SearchAction\",\"target\":{\"@type\":\"EntryPoint\",\"urlTemplate\":\"https:\\\/\\\/bossaot.com\\\/es\\\/?s={search_term_string}\"},\"query-input\":{\"@type\":\"PropertyValueSpecification\",\"valueRequired\":true,\"valueName\":\"search_term_string\"}}],\"inLanguage\":\"es\"},{\"@type\":\"Organization\",\"@id\":\"https:\\\/\\\/bossaot.com\\\/es\\\/#organization\",\"name\":\"Bossa Online Training\",\"url\":\"https:\\\/\\\/bossaot.com\\\/es\\\/\",\"logo\":{\"@type\":\"ImageObject\",\"inLanguage\":\"es\",\"@id\":\"https:\\\/\\\/bossaot.com\\\/es\\\/#\\\/schema\\\/logo\\\/image\\\/\",\"url\":\"https:\\\/\\\/bossaot.com\\\/wp-content\\\/uploads\\\/2020\\\/09\\\/BOT_Logo-4.png\",\"contentUrl\":\"https:\\\/\\\/bossaot.com\\\/wp-content\\\/uploads\\\/2020\\\/09\\\/BOT_Logo-4.png\",\"width\":1360,\"height\":856,\"caption\":\"Bossa Online Training\"},\"image\":{\"@id\":\"https:\\\/\\\/bossaot.com\\\/es\\\/#\\\/schema\\\/logo\\\/image\\\/\"},\"sameAs\":[\"https:\\\/\\\/www.facebook.com\\\/BossaOTUK\",\"https:\\\/\\\/www.instagram.com\\\/bossaotuk\"]}]}<\/script>\n<!-- \/ Yoast SEO plugin. -->","yoast_head_json":{"title":"T\u00e9rminos y Condiciones de Uso - Bossa Online Training","robots":{"index":"index","follow":"follow","max-snippet":"max-snippet:-1","max-image-preview":"max-image-preview:large","max-video-preview":"max-video-preview:-1"},"canonical":"https:\/\/bossaot.com\/es\/terminos-y-condiciones-de-uso\/","og_locale":"es_ES","og_type":"article","og_title":"T\u00e9rminos y Condiciones de Uso - Bossa Online Training","og_description":"INFORMACI\u00d3N RELEVANTE Es requisito necesario que lea y acepte los siguientes T\u00e9rminos y Condiciones que a continuaci\u00f3n se redactan. El uso de nuestros servicios implicar\u00e1 que usted ha le\u00eddo y aceptado los T\u00e9rminos y Condiciones de Uso en el presente documento. \u00a0Cualquier servicio ofrecido por nuestro sitio web pudiera ser creado o presentado por una [&hellip;]","og_url":"https:\/\/bossaot.com\/es\/terminos-y-condiciones-de-uso\/","og_site_name":"Bossa Online Training","article_publisher":"https:\/\/www.facebook.com\/BossaOTUK","article_modified_time":"2021-02-16T17:54:44+00:00","twitter_card":"summary_large_image","twitter_misc":{"Tiempo de lectura":"2 minutos"},"schema":{"@context":"https:\/\/schema.org","@graph":[{"@type":"WebPage","@id":"https:\/\/bossaot.com\/es\/terminos-y-condiciones-de-uso\/","url":"https:\/\/bossaot.com\/es\/terminos-y-condiciones-de-uso\/","name":"T\u00e9rminos y Condiciones de Uso - Bossa Online Training","isPartOf":{"@id":"https:\/\/bossaot.com\/es\/#website"},"datePublished":"2021-02-11T18:03:31+00:00","dateModified":"2021-02-16T17:54:44+00:00","breadcrumb":{"@id":"https:\/\/bossaot.com\/es\/terminos-y-condiciones-de-uso\/#breadcrumb"},"inLanguage":"es","potentialAction":[{"@type":"ReadAction","target":["https:\/\/bossaot.com\/es\/terminos-y-condiciones-de-uso\/"]}]},{"@type":"BreadcrumbList","@id":"https:\/\/bossaot.com\/es\/terminos-y-condiciones-de-uso\/#breadcrumb","itemListElement":[{"@type":"ListItem","position":1,"name":"Home","item":"https:\/\/bossaot.com\/es\/"},{"@type":"ListItem","position":2,"name":"T\u00e9rminos y Condiciones de Uso"}]},{"@type":"WebSite","@id":"https:\/\/bossaot.com\/es\/#website","url":"https:\/\/bossaot.com\/es\/","name":"Bossa Online Training","description":"","publisher":{"@id":"https:\/\/bossaot.com\/es\/#organization"},"potentialAction":[{"@type":"SearchAction","target":{"@type":"EntryPoint","urlTemplate":"https:\/\/bossaot.com\/es\/?s={search_term_string}"},"query-input":{"@type":"PropertyValueSpecification","valueRequired":true,"valueName":"search_term_string"}}],"inLanguage":"es"},{"@type":"Organization","@id":"https:\/\/bossaot.com\/es\/#organization","name":"Bossa Online Training","url":"https:\/\/bossaot.com\/es\/","logo":{"@type":"ImageObject","inLanguage":"es","@id":"https:\/\/bossaot.com\/es\/#\/schema\/logo\/image\/","url":"https:\/\/bossaot.com\/wp-content\/uploads\/2020\/09\/BOT_Logo-4.png","contentUrl":"https:\/\/bossaot.com\/wp-content\/uploads\/2020\/09\/BOT_Logo-4.png","width":1360,"height":856,"caption":"Bossa Online Training"},"image":{"@id":"https:\/\/bossaot.com\/es\/#\/schema\/logo\/image\/"},"sameAs":["https:\/\/www.facebook.com\/BossaOTUK","https:\/\/www.instagram.com\/bossaotuk"]}]}},"_links":{"self":[{"href":"https:\/\/bossaot.com\/es\/wp-json\/wp\/v2\/pages\/1804","targetHints":{"allow":["GET"]}}],"collection":[{"href":"https:\/\/bossaot.com\/es\/wp-json\/wp\/v2\/pages"}],"about":[{"href":"https:\/\/bossaot.com\/es\/wp-json\/wp\/v2\/types\/page"}],"author":[{"embeddable":true,"href":"https:\/\/bossaot.com\/es\/wp-json\/wp\/v2\/users\/1"}],"replies":[{"embeddable":true,"href":"https:\/\/bossaot.com\/es\/wp-json\/wp\/v2\/comments?post=1804"}],"version-history":[{"count":0,"href":"https:\/\/bossaot.com\/es\/wp-json\/wp\/v2\/pages\/1804\/revisions"}],"wp:attachment":[{"href":"https:\/\/bossaot.com\/es\/wp-json\/wp\/v2\/media?parent=1804"}],"curies":[{"name":"wp","href":"https:\/\/api.w.org\/{rel}","templated":true}]}}